{"id":10389,"date":"2026-03-05T11:44:12","date_gmt":"2026-03-05T10:44:12","guid":{"rendered":"https:\/\/agricolagymnasium.de\/?page_id=10389"},"modified":"2026-03-05T11:55:22","modified_gmt":"2026-03-05T10:55:22","slug":"beschwerdemanagement","status":"publish","type":"page","link":"https:\/\/agricolagymnasium.de\/?page_id=10389","title":{"rendered":"Beschwerdemanagement"},"content":{"rendered":"\t\t<div data-elementor-type=\"wp-page\" data-elementor-id=\"10389\" class=\"elementor elementor-10389\" data-elementor-settings=\"{&quot;ha_cmc_init_switcher&quot;:&quot;no&quot;}\" data-elementor-post-type=\"page\">\n\t\t\t\t\t\t<section class=\"elementor-section elementor-top-section elementor-element elementor-element-63c5b520 elementor-section-boxed elementor-section-height-default elementor-section-height-default\" data-id=\"63c5b520\" data-element_type=\"section\" data-e-type=\"section\" data-settings=\"{&quot;_ha_eqh_enable&quot;:false}\">\n\t\t\t\t\t\t<div class=\"elementor-container elementor-column-gap-default\">\n\t\t\t\t\t<div class=\"elementor-column elementor-col-100 elementor-top-column elementor-element elementor-element-20402ae6\" data-id=\"20402ae6\" data-element_type=\"column\" data-e-type=\"column\">\n\t\t\t<div class=\"elementor-widget-wrap elementor-element-populated\">\n\t\t\t\t\t\t<section class=\"elementor-section elementor-inner-section elementor-element elementor-element-6c8ba07 elementor-section-boxed elementor-section-height-default elementor-section-height-default\" data-id=\"6c8ba07\" data-element_type=\"section\" data-e-type=\"section\" data-settings=\"{&quot;_ha_eqh_enable&quot;:false}\">\n\t\t\t\t\t\t<div class=\"elementor-container elementor-column-gap-default\">\n\t\t\t\t\t<div class=\"elementor-column elementor-col-50 elementor-inner-column elementor-element elementor-element-8c5513b\" data-id=\"8c5513b\" data-element_type=\"column\" data-e-type=\"column\">\n\t\t\t<div class=\"elementor-widget-wrap elementor-element-populated\">\n\t\t\t\t\t\t<div class=\"elementor-element elementor-element-5e8bee65 elementor-widget__width-initial elementor-widget elementor-widget-text-editor\" data-id=\"5e8bee65\" data-element_type=\"widget\" data-e-type=\"widget\" data-widget_type=\"text-editor.default\">\n\t\t\t\t<div class=\"elementor-widget-container\">\n\t\t\t\t\t\t\t\t\t<p><span style=\"color: #ffffff;\">Liebe Eltern,<\/span><\/p>\n<p><span style=\"color: #ffffff;\">damit <span style=\"color: #ff9900;\">Anliegen und Beschwerden<\/span> schnell, fair und transparent bearbeitet werden k\u00f6nnen, bitten wir Sie, bei p\u00e4dagogischen, organisatorischen oder administrativen Beschwerden den untenstehenden <span style=\"color: #ff9900;\">Workflow zum Beschwerdemanagement zu nutzen<\/span>. Der festgelegte Ablauf hilft, Zust\u00e4ndigkeiten eindeutig zu kl\u00e4ren, Missverst\u00e4ndnisse zu vermeiden und L\u00f6sungen m\u00f6glichst zeitnah zu finden.<\/span><\/p>\n<p><span style=\"color: #ffffff;\">Bitte wenden Sie sich dabei immer zun\u00e4chst an die direkt zust\u00e4ndige Stelle (z.\u202fB. Fachlehrkraft\/Klassenleitung bzw. zust\u00e4ndige Mitarbeitende in der Verwaltung). Viele Fragen lassen sich auf diesem Weg unkompliziert kl\u00e4ren. Sollte keine zufriedenstellende L\u00f6sung m\u00f6glich sein, f\u00fchrt der Workflow Sie Schritt f\u00fcr Schritt zur n\u00e4chsten Ansprechperson.<\/span><\/p>\n<p><span style=\"color: #ffffff;\">Vielen Dank f\u00fcr Ihre Unterst\u00fctzung und f\u00fcr eine sachliche, respektvolle Kommunikation \u2013 sie ist die Grundlage f\u00fcr eine gute Zusammenarbeit im Interesse unserer Sch\u00fclerinnen und Sch\u00fcler.<\/span><\/p>\t\t\t\t\t\t\t\t<\/div>\n\t\t\t\t<\/div>\n\t\t\t\t\t<\/div>\n\t\t<\/div>\n\t\t\t\t<div class=\"elementor-column elementor-col-50 elementor-inner-column elementor-element elementor-element-d00a6d6\" data-id=\"d00a6d6\" data-element_type=\"column\" data-e-type=\"column\">\n\t\t\t<div class=\"elementor-widget-wrap elementor-element-populated\">\n\t\t\t\t\t\t<div class=\"elementor-element elementor-element-0b73d54 elementor-widget elementor-widget-button\" data-id=\"0b73d54\" data-element_type=\"widget\" data-e-type=\"widget\" data-widget_type=\"button.default\">\n\t\t\t\t<div class=\"elementor-widget-container\">\n\t\t\t\t\t\t\t\t\t<div class=\"elementor-button-wrapper\">\n\t\t\t\t\t<a class=\"elementor-button elementor-button-link elementor-size-sm\" href=\"https:\/\/agricolagymnasium.de\/?page_id=9915\">\n\t\t\t\t\t\t<span class=\"elementor-button-content-wrapper\">\n\t\t\t\t\t\t\t\t\t<span class=\"elementor-button-text\">zu den Kontaktdaten der Lehrkr\u00e4fte<\/span>\n\t\t\t\t\t<\/span>\n\t\t\t\t\t<\/a>\n\t\t\t\t<\/div>\n\t\t\t\t\t\t\t\t<\/div>\n\t\t\t\t<\/div>\n\t\t\t\t<div class=\"elementor-element elementor-element-321ac37 elementor-widget elementor-widget-button\" data-id=\"321ac37\" data-element_type=\"widget\" data-e-type=\"widget\" data-widget_type=\"button.default\">\n\t\t\t\t<div class=\"elementor-widget-container\">\n\t\t\t\t\t\t\t\t\t<div class=\"elementor-button-wrapper\">\n\t\t\t\t\t<a class=\"elementor-button elementor-button-link elementor-size-sm\" href=\"https:\/\/agricolagymnasium.de\/?page_id=4952\">\n\t\t\t\t\t\t<span class=\"elementor-button-content-wrapper\">\n\t\t\t\t\t\t\t\t\t<span class=\"elementor-button-text\">zu den Kontaktdaten des Sekretariats<\/span>\n\t\t\t\t\t<\/span>\n\t\t\t\t\t<\/a>\n\t\t\t\t<\/div>\n\t\t\t\t\t\t\t\t<\/div>\n\t\t\t\t<\/div>\n\t\t\t\t<div class=\"elementor-element elementor-element-11dcbab elementor-widget elementor-widget-button\" data-id=\"11dcbab\" data-element_type=\"widget\" data-e-type=\"widget\" data-widget_type=\"button.default\">\n\t\t\t\t<div class=\"elementor-widget-container\">\n\t\t\t\t\t\t\t\t\t<div class=\"elementor-button-wrapper\">\n\t\t\t\t\t<a class=\"elementor-button elementor-button-link elementor-size-sm\" href=\"https:\/\/agricolagymnasium.de\/?page_id=6021\">\n\t\t\t\t\t\t<span class=\"elementor-button-content-wrapper\">\n\t\t\t\t\t\t\t\t\t<span class=\"elementor-button-text\">zu den Kontaktdaten der Schulleitung<\/span>\n\t\t\t\t\t<\/span>\n\t\t\t\t\t<\/a>\n\t\t\t\t<\/div>\n\t\t\t\t\t\t\t\t<\/div>\n\t\t\t\t<\/div>\n\t\t\t\t\t<\/div>\n\t\t<\/div>\n\t\t\t\t\t<\/div>\n\t\t<\/section>\n\t\t\t\t\t<\/div>\n\t\t<\/div>\n\t\t\t\t\t<\/div>\n\t\t<\/section>\n\t\t\t\t<section class=\"elementor-section elementor-top-section elementor-element elementor-element-0cc3707 elementor-section-boxed elementor-section-height-default elementor-section-height-default\" data-id=\"0cc3707\" data-element_type=\"section\" data-e-type=\"section\" data-settings=\"{&quot;_ha_eqh_enable&quot;:false}\">\n\t\t\t\t\t\t<div class=\"elementor-container elementor-column-gap-default\">\n\t\t\t\t\t<div class=\"elementor-column elementor-col-100 elementor-top-column elementor-element elementor-element-0d8854e\" data-id=\"0d8854e\" data-element_type=\"column\" data-e-type=\"column\">\n\t\t\t<div class=\"elementor-widget-wrap elementor-element-populated\">\n\t\t\t\t\t\t<div class=\"elementor-element elementor-element-69a49db elementor-widget__width-initial elementor-widget elementor-widget-text-editor\" data-id=\"69a49db\" data-element_type=\"widget\" data-e-type=\"widget\" data-widget_type=\"text-editor.default\">\n\t\t\t\t<div class=\"elementor-widget-container\">\n\t\t\t\t\t\t\t\t\t<p><div class=\"_df_book df-lite\" id=\"df_10397\"  _slug=\"10397\" data-title=\"\" wpoptions=\"true\" thumbtype=\"\" ><\/div><script class=\"df-shortcode-script\" nowprocket type=\"application\/javascript\">window.option_df_10397 = {\"outline\":[],\"autoEnableOutline\":\"false\",\"autoEnableThumbnail\":\"false\",\"overwritePDFOutline\":\"false\",\"direction\":\"1\",\"pageSize\":\"0\",\"source\":\"https:\\\/\\\/agricolagymnasium.de\\\/wp-content\\\/uploads\\\/2026\\\/03\\\/Beschwerdemanagement-Eltern.pdf\",\"wpOptions\":\"true\"}; if(window.DFLIP && window.DFLIP.parseBooks){window.DFLIP.parseBooks();}<\/script><\/p>\t\t\t\t\t\t\t\t<\/div>\n\t\t\t\t<\/div>\n\t\t\t\t\t<\/div>\n\t\t<\/div>\n\t\t\t\t\t<\/div>\n\t\t<\/section>\n\t\t\t\t<\/div>\n\t\t","protected":false},"excerpt":{"rendered":"<p>Liebe Eltern, damit Anliegen und Beschwerden schnell, fair und transparent bearbeitet werden k\u00f6nnen, bitten wir Sie, bei p\u00e4dagogischen, organisatorischen oder administrativen Beschwerden den untenstehenden Workflow zum Beschwerdemanagement zu nutzen. Der festgelegte Ablauf hilft, Zust\u00e4ndigkeiten eindeutig zu kl\u00e4ren, Missverst\u00e4ndnisse zu vermeiden und L\u00f6sungen m\u00f6glichst zeitnah zu finden. Bitte wenden Sie sich dabei immer zun\u00e4chst an die [&hellip;]<\/p>\n","protected":false},"author":48,"featured_media":0,"parent":0,"menu_order":0,"comment_status":"closed","ping_status":"closed","template":"","meta":{"_price":"","_stock":"","_tribe_ticket_header":"","_tribe_default_ticket_provider":"","_tribe_ticket_capacity":"0","_ticket_start_date":"","_ticket_end_date":"","_tribe_ticket_show_description":"","_tribe_ticket_show_not_going":false,"_tribe_ticket_use_global_stock":"","_tribe_ticket_global_stock_level":"","_global_stock_mode":"","_global_stock_cap":"","_tribe_rsvp_for_event":"","_tribe_ticket_going_count":"","_tribe_ticket_not_going_count":"","_tribe_tickets_list":"[]","_tribe_ticket_has_attendee_info_fields":false,"footnotes":"","_tec_slr_enabled":"","_tec_slr_layout":""},"class_list":["post-10389","page","type-page","status-publish","hentry"],"ticketed":false,"_links":{"self":[{"href":"https:\/\/agricolagymnasium.de\/index.php?rest_route=\/wp\/v2\/pages\/10389","targetHints":{"allow":["GET"]}}],"collection":[{"href":"https:\/\/agricolagymnasium.de\/index.php?rest_route=\/wp\/v2\/pages"}],"about":[{"href":"https:\/\/agricolagymnasium.de\/index.php?rest_route=\/wp\/v2\/types\/page"}],"author":[{"embeddable":true,"href":"https:\/\/agricolagymnasium.de\/index.php?rest_route=\/wp\/v2\/users\/48"}],"replies":[{"embeddable":true,"href":"https:\/\/agricolagymnasium.de\/index.php?rest_route=%2Fwp%2Fv2%2Fcomments&post=10389"}],"version-history":[{"count":11,"href":"https:\/\/agricolagymnasium.de\/index.php?rest_route=\/wp\/v2\/pages\/10389\/revisions"}],"predecessor-version":[{"id":10406,"href":"https:\/\/agricolagymnasium.de\/index.php?rest_route=\/wp\/v2\/pages\/10389\/revisions\/10406"}],"wp:attachment":[{"href":"https:\/\/agricolagymnasium.de\/index.php?rest_route=%2Fwp%2Fv2%2Fmedia&parent=10389"}],"curies":[{"name":"wp","href":"https:\/\/api.w.org\/{rel}","templated":true}]}}