{"id":3624,"date":"2023-05-15T12:58:46","date_gmt":"2023-05-15T10:58:46","guid":{"rendered":"https:\/\/agricolagymnasium.de\/?page_id=3624"},"modified":"2025-12-20T21:07:12","modified_gmt":"2025-12-20T20:07:12","slug":"unterrichtszeiten","status":"publish","type":"page","link":"https:\/\/agricolagymnasium.de\/?page_id=3624","title":{"rendered":"Unterrichtszeiten"},"content":{"rendered":"\t\t<div data-elementor-type=\"wp-page\" data-elementor-id=\"3624\" class=\"elementor elementor-3624\" data-elementor-settings=\"{&quot;ha_cmc_init_switcher&quot;:&quot;no&quot;}\" data-elementor-post-type=\"page\">\n\t\t\t\t\t\t<section class=\"elementor-section elementor-top-section elementor-element elementor-element-15abe71 elementor-section-stretched elementor-section-boxed elementor-section-height-default elementor-section-height-default\" data-id=\"15abe71\" data-element_type=\"section\" data-e-type=\"section\" data-settings=\"{&quot;stretch_section&quot;:&quot;section-stretched&quot;,&quot;background_background&quot;:&quot;classic&quot;,&quot;background_motion_fx_motion_fx_scrolling&quot;:&quot;yes&quot;,&quot;background_motion_fx_translateY_effect&quot;:&quot;yes&quot;,&quot;background_motion_fx_opacity_effect&quot;:&quot;yes&quot;,&quot;background_motion_fx_opacity_level&quot;:{&quot;unit&quot;:&quot;px&quot;,&quot;size&quot;:9,&quot;sizes&quot;:[]},&quot;background_motion_fx_translateY_speed&quot;:{&quot;unit&quot;:&quot;px&quot;,&quot;size&quot;:4,&quot;sizes&quot;:[]},&quot;background_motion_fx_translateY_affectedRange&quot;:{&quot;unit&quot;:&quot;%&quot;,&quot;size&quot;:&quot;&quot;,&quot;sizes&quot;:{&quot;start&quot;:0,&quot;end&quot;:100}},&quot;background_motion_fx_opacity_direction&quot;:&quot;out-in&quot;,&quot;background_motion_fx_opacity_range&quot;:{&quot;unit&quot;:&quot;%&quot;,&quot;size&quot;:&quot;&quot;,&quot;sizes&quot;:{&quot;start&quot;:20,&quot;end&quot;:80}},&quot;background_motion_fx_devices&quot;:[&quot;desktop&quot;,&quot;tablet&quot;,&quot;mobile&quot;],&quot;_ha_eqh_enable&quot;:false}\">\n\t\t\t\t\t\t<div class=\"elementor-container elementor-column-gap-default\">\n\t\t\t\t\t<div class=\"elementor-column elementor-col-100 elementor-top-column elementor-element elementor-element-fe6867b\" data-id=\"fe6867b\" data-element_type=\"column\" data-e-type=\"column\" data-settings=\"{&quot;background_background&quot;:&quot;classic&quot;}\">\n\t\t\t<div class=\"elementor-widget-wrap elementor-element-populated\">\n\t\t\t\t\t\t<div class=\"elementor-element elementor-element-9c3e465 elementor-widget-divider--view-line elementor-widget elementor-widget-divider\" data-id=\"9c3e465\" data-element_type=\"widget\" data-e-type=\"widget\" data-widget_type=\"divider.default\">\n\t\t\t\t<div class=\"elementor-widget-container\">\n\t\t\t\t\t\t\t<div class=\"elementor-divider\">\n\t\t\t<span class=\"elementor-divider-separator\">\n\t\t\t\t\t\t<\/span>\n\t\t<\/div>\n\t\t\t\t\t\t<\/div>\n\t\t\t\t<\/div>\n\t\t\t\t<div class=\"elementor-element elementor-element-0ac4d24 elementor-widget elementor-widget-heading\" data-id=\"0ac4d24\" data-element_type=\"widget\" data-e-type=\"widget\" data-widget_type=\"heading.default\">\n\t\t\t\t<div class=\"elementor-widget-container\">\n\t\t\t\t\t<h2 class=\"elementor-heading-title elementor-size-default\">Regul\u00e4re Unterrichtszeiten<\/h2>\t\t\t\t<\/div>\n\t\t\t\t<\/div>\n\t\t\t\t<div class=\"elementor-element elementor-element-afcc529 elementor-widget elementor-widget-text-editor\" data-id=\"afcc529\" data-element_type=\"widget\" data-e-type=\"widget\" data-widget_type=\"text-editor.default\">\n\t\t\t\t<div class=\"elementor-widget-container\">\n\t\t\t\t\t\t\t\t\t<p><span style=\"color: #ffffff;\"><strong><i>Einlass: 7:15<\/i> <\/strong><\/span><br \/><strong>1. Stunde: 7:30-8:15 <\/strong><br \/><strong>2. Stunde: 8:25-9:10 <\/strong><br \/><span style=\"color: #ffffff;\"><strong><i>Fr\u00fchst\u00fcckspause<\/i> <\/strong><\/span><br \/><strong>3. \u2013 4. Stunde: 9:30-11:00 <\/strong><br \/><strong>5. Stunde: 11:10-11:55<\/strong><\/p><p><span style=\"color: #ffffff;\"><strong><i>Mittagspause<\/i> <\/strong><\/span><br \/><strong>6. Stunde: 12:30-13:15 <\/strong><br \/><strong>7. Stunde: 13:25-14:10 <\/strong><br \/><strong>8. Stunde: 14:20-15:05<\/strong><\/p><p><strong>\u00a0<\/strong><\/p><h3><span style=\"text-decoration: underline;\"><strong><span style=\"color: #ff9600; text-decoration: underline;\">Unterrichtszeiten bei verk\u00fcrztem Unterricht<\/span><\/strong><\/span><\/h3><p><span style=\"color: #ffffff;\"><strong><i>Einlass: 7:15<\/i><\/strong><\/span><br \/><strong>1. Stunde: 7:30-8:00<\/strong><br \/><strong>2. Stunde: 8:10-8:40<\/strong><br \/><span style=\"color: #ffffff;\"><strong><i>Fr\u00fchst\u00fcckspause<\/i><\/strong><\/span><br \/><strong>3. \u2013 4. Stunde: 9:00-10:00<\/strong><br \/><strong>5. Stunde: 10:10-10:40<\/strong><br \/><strong>6. Stunde: 10:50-11:20<\/strong><br \/><span style=\"color: #ffffff;\"><strong><i>Mittagspause<\/i><\/strong><\/span><br \/><strong>7. Stunde: 11:55-12:25<\/strong><br \/><strong>8. Stunde: 12:35-13:05<\/strong><\/p>\t\t\t\t\t\t\t\t<\/div>\n\t\t\t\t<\/div>\n\t\t\t\t\t<\/div>\n\t\t<\/div>\n\t\t\t\t\t<\/div>\n\t\t<\/section>\n\t\t\t\t<section class=\"elementor-section elementor-top-section elementor-element elementor-element-eb6cacb elementor-section-stretched elementor-section-boxed elementor-section-height-default elementor-section-height-default\" data-id=\"eb6cacb\" data-element_type=\"section\" data-e-type=\"section\" data-settings=\"{&quot;stretch_section&quot;:&quot;section-stretched&quot;,&quot;background_background&quot;:&quot;classic&quot;,&quot;_ha_eqh_enable&quot;:false}\">\n\t\t\t\t\t\t<div class=\"elementor-container elementor-column-gap-default\">\n\t\t\t\t\t<div class=\"elementor-column elementor-col-100 elementor-top-column elementor-element elementor-element-41591bd\" data-id=\"41591bd\" data-element_type=\"column\" data-e-type=\"column\" data-settings=\"{&quot;background_background&quot;:&quot;classic&quot;}\">\n\t\t\t<div class=\"elementor-widget-wrap elementor-element-populated\">\n\t\t\t\t\t\t<div class=\"elementor-element elementor-element-40c4256 elementor-widget-divider--view-line ha-has-bg-overlay elementor-widget elementor-widget-divider\" data-id=\"40c4256\" data-element_type=\"widget\" data-e-type=\"widget\" data-widget_type=\"divider.default\">\n\t\t\t\t<div class=\"elementor-widget-container\">\n\t\t\t\t\t\t\t<div class=\"elementor-divider\">\n\t\t\t<span class=\"elementor-divider-separator\">\n\t\t\t\t\t\t<\/span>\n\t\t<\/div>\n\t\t\t\t\t\t<\/div>\n\t\t\t\t<\/div>\n\t\t\t\t\t<\/div>\n\t\t<\/div>\n\t\t\t\t\t<\/div>\n\t\t<\/section>\n\t\t\t\t<\/div>\n\t\t","protected":false},"excerpt":{"rendered":"<p>Regul\u00e4re Unterrichtszeiten Einlass: 7:15 1. Stunde: 7:30-8:15 2. Stunde: 8:25-9:10 Fr\u00fchst\u00fcckspause 3. \u2013 4. Stunde: 9:30-11:00 5. Stunde: 11:10-11:55 Mittagspause 6. Stunde: 12:30-13:15 7. Stunde: 13:25-14:10 8. Stunde: 14:20-15:05 \u00a0 Unterrichtszeiten bei verk\u00fcrztem Unterricht Einlass: 7:151. Stunde: 7:30-8:002. Stunde: 8:10-8:40Fr\u00fchst\u00fcckspause3. \u2013 4. Stunde: 9:00-10:005. Stunde: 10:10-10:406. Stunde: 10:50-11:20Mittagspause7. Stunde: 11:55-12:258. Stunde: 12:35-13:05<\/p>\n","protected":false},"author":34,"featured_media":0,"parent":0,"menu_order":0,"comment_status":"closed","ping_status":"closed","template":"","meta":{"_price":"","_stock":"","_tribe_ticket_header":"","_tribe_default_ticket_provider":"","_tribe_ticket_capacity":"0","_ticket_start_date":"","_ticket_end_date":"","_tribe_ticket_show_description":"","_tribe_ticket_show_not_going":false,"_tribe_ticket_use_global_stock":"","_tribe_ticket_global_stock_level":"","_global_stock_mode":"","_global_stock_cap":"","_tribe_rsvp_for_event":"","_tribe_ticket_going_count":"","_tribe_ticket_not_going_count":"","_tribe_tickets_list":"[]","_tribe_ticket_has_attendee_info_fields":false,"footnotes":"","_tec_slr_enabled":"","_tec_slr_layout":""},"class_list":["post-3624","page","type-page","status-publish","hentry"],"ticketed":false,"_links":{"self":[{"href":"https:\/\/agricolagymnasium.de\/index.php?rest_route=\/wp\/v2\/pages\/3624","targetHints":{"allow":["GET"]}}],"collection":[{"href":"https:\/\/agricolagymnasium.de\/index.php?rest_route=\/wp\/v2\/pages"}],"about":[{"href":"https:\/\/agricolagymnasium.de\/index.php?rest_route=\/wp\/v2\/types\/page"}],"author":[{"embeddable":true,"href":"https:\/\/agricolagymnasium.de\/index.php?rest_route=\/wp\/v2\/users\/34"}],"replies":[{"embeddable":true,"href":"https:\/\/agricolagymnasium.de\/index.php?rest_route=%2Fwp%2Fv2%2Fcomments&post=3624"}],"version-history":[{"count":74,"href":"https:\/\/agricolagymnasium.de\/index.php?rest_route=\/wp\/v2\/pages\/3624\/revisions"}],"predecessor-version":[{"id":9965,"href":"https:\/\/agricolagymnasium.de\/index.php?rest_route=\/wp\/v2\/pages\/3624\/revisions\/9965"}],"wp:attachment":[{"href":"https:\/\/agricolagymnasium.de\/index.php?rest_route=%2Fwp%2Fv2%2Fmedia&parent=3624"}],"curies":[{"name":"wp","href":"https:\/\/api.w.org\/{rel}","templated":true}]}}