{"id":618,"date":"2020-11-08T17:45:12","date_gmt":"2020-11-08T16:45:12","guid":{"rendered":"https:\/\/blk-agri.dd-dns.de\/?page_id=618"},"modified":"2021-09-06T23:16:27","modified_gmt":"2021-09-06T21:16:27","slug":"unsere-schule","status":"publish","type":"page","link":"https:\/\/agricolagymnasium.de\/?page_id=618","title":{"rendered":"Unsere Schule"},"content":{"rendered":"\t\t<div data-elementor-type=\"wp-page\" data-elementor-id=\"618\" class=\"elementor elementor-618\" data-elementor-settings=\"{&quot;ha_cmc_init_switcher&quot;:&quot;no&quot;}\" data-elementor-post-type=\"page\">\n\t\t\t\t\t\t<section class=\"elementor-section elementor-top-section elementor-element elementor-element-12679003 elementor-section-full_width elementor-section-height-default elementor-section-height-default\" data-id=\"12679003\" data-element_type=\"section\" data-e-type=\"section\" data-settings=\"{&quot;_ha_eqh_enable&quot;:false}\">\n\t\t\t\t\t\t<div class=\"elementor-container elementor-column-gap-default\">\n\t\t\t\t\t<div class=\"elementor-column elementor-col-100 elementor-top-column elementor-element elementor-element-257ba28b\" data-id=\"257ba28b\" data-element_type=\"column\" data-e-type=\"column\">\n\t\t\t<div class=\"elementor-widget-wrap elementor-element-populated\">\n\t\t\t\t\t\t<div class=\"elementor-element elementor-element-b9cf60a elementor-widget elementor-widget-image\" data-id=\"b9cf60a\" data-element_type=\"widget\" data-e-type=\"widget\" data-widget_type=\"image.default\">\n\t\t\t\t<div class=\"elementor-widget-container\">\n\t\t\t\t\t\t\t\t\t\t\t\t\t\t\t<img fetchpriority=\"high\" decoding=\"async\" width=\"800\" height=\"450\" src=\"https:\/\/agricolagymnasium.de\/wp-content\/uploads\/2021\/09\/DJI_0034-1024x576.jpg\" class=\"attachment-large size-large wp-image-1020\" alt=\"\" srcset=\"https:\/\/agricolagymnasium.de\/wp-content\/uploads\/2021\/09\/DJI_0034-1024x576.jpg 1024w, https:\/\/agricolagymnasium.de\/wp-content\/uploads\/2021\/09\/DJI_0034-300x169.jpg 300w, https:\/\/agricolagymnasium.de\/wp-content\/uploads\/2021\/09\/DJI_0034-768x432.jpg 768w, https:\/\/agricolagymnasium.de\/wp-content\/uploads\/2021\/09\/DJI_0034-1536x864.jpg 1536w, https:\/\/agricolagymnasium.de\/wp-content\/uploads\/2021\/09\/DJI_0034-2048x1152.jpg 2048w, https:\/\/agricolagymnasium.de\/wp-content\/uploads\/2021\/09\/DJI_0034-1200x675.jpg 1200w, https:\/\/agricolagymnasium.de\/wp-content\/uploads\/2021\/09\/DJI_0034-1980x1114.jpg 1980w\" sizes=\"(max-width: 800px) 100vw, 800px\" \/>\t\t\t\t\t\t\t\t\t\t\t\t\t\t\t<\/div>\n\t\t\t\t<\/div>\n\t\t\t\t<div class=\"elementor-element elementor-element-070ba55 elementor-widget elementor-widget-accordion\" data-id=\"070ba55\" data-element_type=\"widget\" data-e-type=\"widget\" data-widget_type=\"accordion.default\">\n\t\t\t\t<div class=\"elementor-widget-container\">\n\t\t\t\t\t\t\t<div class=\"elementor-accordion\">\n\t\t\t\t\t\t\t<div class=\"elementor-accordion-item\">\n\t\t\t\t\t<div id=\"elementor-tab-title-7381\" class=\"elementor-tab-title\" data-tab=\"1\" role=\"button\" aria-controls=\"elementor-tab-content-7381\" aria-expanded=\"false\">\n\t\t\t\t\t\t\t\t\t\t\t\t\t<span class=\"elementor-accordion-icon elementor-accordion-icon-left\" aria-hidden=\"true\">\n\t\t\t\t\t\t\t\t\t\t\t\t\t\t\t<span class=\"elementor-accordion-icon-closed\"><i class=\"fas fa-plus\"><\/i><\/span>\n\t\t\t\t\t\t\t\t<span class=\"elementor-accordion-icon-opened\"><i class=\"fas fa-minus\"><\/i><\/span>\n\t\t\t\t\t\t\t\t\t\t\t\t\t\t<\/span>\n\t\t\t\t\t\t\t\t\t\t\t\t<a class=\"elementor-accordion-title\" tabindex=\"0\">Unser Selbstverst\u00e4ndnis<\/a>\n\t\t\t\t\t<\/div>\n\t\t\t\t\t<div id=\"elementor-tab-content-7381\" class=\"elementor-tab-content elementor-clearfix\" data-tab=\"1\" role=\"region\" aria-labelledby=\"elementor-tab-title-7381\"><p>Wir verstehen unsere Ganztagsschule als einen Lern- und Lebensort, der durch P\u00e4dagoginnen und P\u00e4dagogen, Eltern, Schulpartner sowie durch die Kinder und Jugendlichen gemeinsam gestaltet wird.<\/p>\n<p>Wir erkennen und f\u00f6rdern individuelle St\u00e4rken und Begabungen. Sch\u00fclerinnen und Sch\u00fcler haben in unserer Ganztagsschule Erfolgserlebnisse und Motivation f\u00fcr das Lernen.<br \/>Als Ganztagsschule nehmen wir uns mehr Zeit f\u00fcr das Lernen durch vielf\u00e4ltige lebensnahe Erfahrungen und f\u00fcr das kooperative sowie praktische Lernen an Projekten und in Arbeitsgemeinschaften.<\/p>\n<p>Uns ist es wichtig, dass Sch\u00fclerinnen und Sch\u00fcler Initiative entwickeln und selbst Verantwortung f\u00fcr ihr eigenes Lernen und das Lernen anderer \u00fcbernehmen.<br \/>Sie erlangen F\u00e4higkeiten, Lern- und Arbeitsprozesse selbst zu organisieren und Methoden anzuwenden.<\/p>\n<p>P\u00e4dagoginnen und P\u00e4dagogen begleiten und unterst\u00fctzen Sch\u00fclerinnen und Sch\u00fcler bei ihren individuellen Lernschritten und auf ihrem Weg zum Abitur.<\/p>\n<p>Wir wollen ein Gymnasium sein, in dem Jugendliche ein fundiertes Sachwissen und fachspezifische Methoden der Wissenschaften erwerben.<br \/>Sie entwickeln F\u00e4higkeiten, Themen der Unterrichtsf\u00e4cher selbstst\u00e4ndig zu erarbeiten und Fach \u00fcbergreifende Probleme zu l\u00f6sen.<\/p>\n<p>Als Mitglied im Netzwerk der UNESCO-Projekt-Schulen ist uns bewusst, dass eine lebenswerte Zukunft in einer friedlichen Welt durch gemeinsames Handeln erreicht werden kann.<br \/>Unsere Sch\u00fclerinnen und Sch\u00fcler entwickeln ein Verst\u00e4ndnis f\u00fcr die eigene sowie f\u00fcr die Kulturen anderer L\u00e4nder.<\/p>\n<p>Unsere Kinder- und Jugendlichen sollen Pers\u00f6nlichkeiten werden, die bereit und f\u00e4hig sind, sozial und \u00f6kologisch verantwortungsvoll zu handeln.<br \/>Wir wollen eine Schule sein, in der ein respektvoller und h\u00f6flicher Umgang sowie gegenseitige Achtung und Wertsch\u00e4tzung durch alle gelebt werden.<\/p>\n<p>In unserer Ganztagsschule erleben Kinder und Jugendliche Autonomie, Freiheit und Eingebundenheit in eine Lern- und Lebensgemeinschaft. Sie empfinden eine tiefe Verbundenheit mit dem Agricolagymnasium Hohenm\u00f6lsen und unserer Region.<\/p><\/div>\n\t\t\t\t<\/div>\n\t\t\t\t\t\t\t<div class=\"elementor-accordion-item\">\n\t\t\t\t\t<div id=\"elementor-tab-title-7382\" class=\"elementor-tab-title\" data-tab=\"2\" role=\"button\" aria-controls=\"elementor-tab-content-7382\" aria-expanded=\"false\">\n\t\t\t\t\t\t\t\t\t\t\t\t\t<span class=\"elementor-accordion-icon elementor-accordion-icon-left\" aria-hidden=\"true\">\n\t\t\t\t\t\t\t\t\t\t\t\t\t\t\t<span class=\"elementor-accordion-icon-closed\"><i class=\"fas fa-plus\"><\/i><\/span>\n\t\t\t\t\t\t\t\t<span class=\"elementor-accordion-icon-opened\"><i class=\"fas fa-minus\"><\/i><\/span>\n\t\t\t\t\t\t\t\t\t\t\t\t\t\t<\/span>\n\t\t\t\t\t\t\t\t\t\t\t\t<a class=\"elementor-accordion-title\" tabindex=\"0\">Unsere p\u00e4dagogischen Leitwerte<\/a>\n\t\t\t\t\t<\/div>\n\t\t\t\t\t<div id=\"elementor-tab-content-7382\" class=\"elementor-tab-content elementor-clearfix\" data-tab=\"2\" role=\"region\" aria-labelledby=\"elementor-tab-title-7382\"><p>Wir widmen dem Erlernen von Sozial- und Selbstkompetenz mehr Zeit und Raum.<\/p>\n<!-- \/wp:paragraph --><!-- wp:paragraph -->\n<p>Sch\u00fclerinnen und Sch\u00fcler unseres Ganztagsgymnasiums:<\/p>\n<!-- \/wp:paragraph --><!-- wp:list -->\n<ul>\n<li>\u00fcbernehmen Verantwortung f\u00fcr ihre eigene Entwicklung und f\u00fcr andere Menschen<\/li>\n<li>arbeiten zusammen<\/li>\n<li>lernen selbstst\u00e4ndig<\/li>\n<li>erleben Erfolge und ihre eigenen Kompetenzen<\/li>\n<li>sch\u00e4tzen und respektieren andere<\/li>\n<li>beteiligen sich an der Gestaltung unserer Ganztagsschule als Lern- und Lebensort<\/li>\n<\/ul><\/div>\n\t\t\t\t<\/div>\n\t\t\t\t\t\t\t<div class=\"elementor-accordion-item\">\n\t\t\t\t\t<div id=\"elementor-tab-title-7383\" class=\"elementor-tab-title\" data-tab=\"3\" role=\"button\" aria-controls=\"elementor-tab-content-7383\" aria-expanded=\"false\">\n\t\t\t\t\t\t\t\t\t\t\t\t\t<span class=\"elementor-accordion-icon elementor-accordion-icon-left\" aria-hidden=\"true\">\n\t\t\t\t\t\t\t\t\t\t\t\t\t\t\t<span class=\"elementor-accordion-icon-closed\"><i class=\"fas fa-plus\"><\/i><\/span>\n\t\t\t\t\t\t\t\t<span class=\"elementor-accordion-icon-opened\"><i class=\"fas fa-minus\"><\/i><\/span>\n\t\t\t\t\t\t\t\t\t\t\t\t\t\t<\/span>\n\t\t\t\t\t\t\t\t\t\t\t\t<a class=\"elementor-accordion-title\" tabindex=\"0\">Offener Ganztag<\/a>\n\t\t\t\t\t<\/div>\n\t\t\t\t\t<div id=\"elementor-tab-content-7383\" class=\"elementor-tab-content elementor-clearfix\" data-tab=\"3\" role=\"region\" aria-labelledby=\"elementor-tab-title-7383\"><p>Unsere Ganztagsschule soll ein Zentrum des \u00f6ffentlichen Lebens in der Stadt Hohenm\u00f6lsen und im Burgenlandkreis sein.<span class=\"Apple-converted-space\">\u00a0<\/span><\/p>\n<p>Das Gymnasium ist als Ganztagsschule ein wichtiger Standortfaktor. Wir wollen dazu beitragen, dass sich die Kinder und Jugendlichen in unserer Region wohlf\u00fchlen und das \u00f6ffentliche Leben mitgestalten.<span class=\"Apple-converted-space\">\u00a0<\/span><\/p>\n<p>Jugendliche sollen Entwicklungsm\u00f6glichkeiten in Ausbildung und Studium aufgezeigt bekommen.<\/p>\n<p>Das soll daran erkennbar sein, dass Lehrer und Sch\u00fcler vielf\u00e4ltige Kooperationsbeziehungen zu Partnern wie Universit\u00e4ten, Hochschulen, Unternehmen sowie das \u00f6ffentlichen Leben der Region aktiv mitgestalten.<\/p>\n<p>Schulpartner bringen besonders bei vielf\u00e4ltigen Ganztagsangeboten Lebensn\u00e4he in die Schule und gestalten informelle Lernprozesse. Das soll an vielen verschiedenen lebenspraktischen Bez\u00fcgen deutlich werden.<\/p><\/div>\n\t\t\t\t<\/div>\n\t\t\t\t\t\t\t\t<\/div>\n\t\t\t\t\t\t<\/div>\n\t\t\t\t<\/div>\n\t\t\t\t\t<\/div>\n\t\t<\/div>\n\t\t\t\t\t<\/div>\n\t\t<\/section>\n\t\t\t\t<\/div>\n\t\t","protected":false},"excerpt":{"rendered":"<p>Unser Selbstverst\u00e4ndnis Wir verstehen unsere Ganztagsschule als einen Lern- und Lebensort, der durch P\u00e4dagoginnen und P\u00e4dagogen, Eltern, Schulpartner sowie durch die Kinder und Jugendlichen gemeinsam gestaltet wird. Wir erkennen und f\u00f6rdern individuelle St\u00e4rken und Begabungen. Sch\u00fclerinnen und Sch\u00fcler haben in unserer Ganztagsschule Erfolgserlebnisse und Motivation f\u00fcr das Lernen.Als Ganztagsschule nehmen wir uns mehr Zeit f\u00fcr [&hellip;]<\/p>\n","protected":false},"author":17,"featured_media":0,"parent":0,"menu_order":0,"comment_status":"closed","ping_status":"closed","template":"","meta":{"footnotes":""},"class_list":["post-618","page","type-page","status-publish","hentry"],"_links":{"self":[{"href":"https:\/\/agricolagymnasium.de\/index.php?rest_route=\/wp\/v2\/pages\/618","targetHints":{"allow":["GET"]}}],"collection":[{"href":"https:\/\/agricolagymnasium.de\/index.php?rest_route=\/wp\/v2\/pages"}],"about":[{"href":"https:\/\/agricolagymnasium.de\/index.php?rest_route=\/wp\/v2\/types\/page"}],"author":[{"embeddable":true,"href":"https:\/\/agricolagymnasium.de\/index.php?rest_route=\/wp\/v2\/users\/17"}],"replies":[{"embeddable":true,"href":"https:\/\/agricolagymnasium.de\/index.php?rest_route=%2Fwp%2Fv2%2Fcomments&post=618"}],"version-history":[{"count":9,"href":"https:\/\/agricolagymnasium.de\/index.php?rest_route=\/wp\/v2\/pages\/618\/revisions"}],"predecessor-version":[{"id":1649,"href":"https:\/\/agricolagymnasium.de\/index.php?rest_route=\/wp\/v2\/pages\/618\/revisions\/1649"}],"wp:attachment":[{"href":"https:\/\/agricolagymnasium.de\/index.php?rest_route=%2Fwp%2Fv2%2Fmedia&parent=618"}],"curies":[{"name":"wp","href":"https:\/\/api.w.org\/{rel}","templated":true}]}}