{"id":834,"date":"2021-07-04T20:23:11","date_gmt":"2021-07-04T18:23:11","guid":{"rendered":"https:\/\/blk-agri.dd-dns.de\/?page_id=834"},"modified":"2024-03-14T11:28:37","modified_gmt":"2024-03-14T10:28:37","slug":"unesco","status":"publish","type":"page","link":"https:\/\/agricolagymnasium.de\/?page_id=834","title":{"rendered":"Unesco-Schulgarten"},"content":{"rendered":"\t\t<div data-elementor-type=\"wp-page\" data-elementor-id=\"834\" class=\"elementor elementor-834\" data-elementor-settings=\"{&quot;ha_cmc_init_switcher&quot;:&quot;no&quot;}\" data-elementor-post-type=\"page\">\n\t\t\t\t\t\t<section class=\"elementor-section elementor-top-section elementor-element elementor-element-3f3ca81 elementor-section-stretched elementor-section-boxed elementor-section-height-default elementor-section-height-default\" data-id=\"3f3ca81\" data-element_type=\"section\" data-e-type=\"section\" data-settings=\"{&quot;stretch_section&quot;:&quot;section-stretched&quot;,&quot;background_background&quot;:&quot;classic&quot;,&quot;_ha_eqh_enable&quot;:false}\">\n\t\t\t\t\t\t\t<div class=\"elementor-background-overlay\"><\/div>\n\t\t\t\t\t\t\t<div class=\"elementor-container elementor-column-gap-default\">\n\t\t\t\t\t<div class=\"elementor-column elementor-col-100 elementor-top-column elementor-element elementor-element-ae867e6\" data-id=\"ae867e6\" data-element_type=\"column\" data-e-type=\"column\" data-settings=\"{&quot;background_background&quot;:&quot;classic&quot;}\">\n\t\t\t<div class=\"elementor-widget-wrap elementor-element-populated\">\n\t\t\t\t\t\t<div class=\"elementor-element elementor-element-088dd2f elementor-widget elementor-widget-heading\" data-id=\"088dd2f\" data-element_type=\"widget\" data-e-type=\"widget\" data-widget_type=\"heading.default\">\n\t\t\t\t<div class=\"elementor-widget-container\">\n\t\t\t\t\t<h2 class=\"elementor-heading-title elementor-size-default\"><strong>Aktion \u201eGr\u00fcner Schulhof\u201c \u2013 das Agricolagymnasium Hohenm\u00f6lsen beteiligt sich am Tag des Schulgartens <\/strong><\/h2>\t\t\t\t<\/div>\n\t\t\t\t<\/div>\n\t\t\t\t<div class=\"elementor-element elementor-element-91000fd elementor-skin-carousel elementor-arrows-yes elementor-pagination-type-bullets elementor-pagination-position-outside elementor-widget elementor-widget-media-carousel\" data-id=\"91000fd\" data-element_type=\"widget\" data-e-type=\"widget\" data-settings=\"{&quot;slides_per_view&quot;:&quot;1&quot;,&quot;speed&quot;:1000,&quot;autoplay_speed&quot;:8000,&quot;skin&quot;:&quot;carousel&quot;,&quot;effect&quot;:&quot;slide&quot;,&quot;show_arrows&quot;:&quot;yes&quot;,&quot;pagination&quot;:&quot;bullets&quot;,&quot;autoplay&quot;:&quot;yes&quot;,&quot;loop&quot;:&quot;yes&quot;,&quot;pause_on_hover&quot;:&quot;yes&quot;,&quot;pause_on_interaction&quot;:&quot;yes&quot;,&quot;space_between&quot;:{&quot;unit&quot;:&quot;px&quot;,&quot;size&quot;:10,&quot;sizes&quot;:[]},&quot;space_between_tablet&quot;:{&quot;unit&quot;:&quot;px&quot;,&quot;size&quot;:10,&quot;sizes&quot;:[]},&quot;space_between_mobile&quot;:{&quot;unit&quot;:&quot;px&quot;,&quot;size&quot;:10,&quot;sizes&quot;:[]}}\" data-widget_type=\"media-carousel.default\">\n\t\t\t\t<div class=\"elementor-widget-container\">\n\t\t\t\t\t\t\t\t\t<div class=\"elementor-swiper\">\n\t\t\t\t\t<div class=\"elementor-main-swiper swiper\" role=\"region\" aria-roledescription=\"carousel\" aria-label=\"Slider\">\n\t\t\t\t<div class=\"swiper-wrapper\">\n\t\t\t\t\t\t\t\t\t\t\t<div class=\"swiper-slide\" role=\"group\" aria-roledescription=\"slide\">\n\t\t\t\t\t\t\t\t\t<div class=\"elementor-carousel-image\" role=\"img\" aria-label=\"20230525_144503\" style=\"background-image: url(&#039;https:\/\/agricolagymnasium.de\/wp-content\/uploads\/2023\/06\/20230525_144503-scaled.jpg&#039;)\">\n\n\t\t\t\n\t\t\t\t\t<\/div>\n\t\t\t\t\t\t\t\t<\/div>\n\t\t\t\t\t\t\t\t\t\t\t<div class=\"swiper-slide\" role=\"group\" aria-roledescription=\"slide\">\n\t\t\t\t\t\t\t\t\t<div class=\"elementor-carousel-image\" role=\"img\" aria-label=\"IMG-20230526-WA0019\" style=\"background-image: url(&#039;https:\/\/agricolagymnasium.de\/wp-content\/uploads\/2023\/06\/IMG-20230526-WA0019.jpg&#039;)\">\n\n\t\t\t\n\t\t\t\t\t<\/div>\n\t\t\t\t\t\t\t\t<\/div>\n\t\t\t\t\t\t\t\t\t\t\t<div class=\"swiper-slide\" role=\"group\" aria-roledescription=\"slide\">\n\t\t\t\t\t\t\t\t\t<div class=\"elementor-carousel-image\" role=\"img\" aria-label=\"20230525_144414\" style=\"background-image: url(&#039;https:\/\/agricolagymnasium.de\/wp-content\/uploads\/2023\/06\/20230525_144414-scaled.jpg&#039;)\">\n\n\t\t\t\n\t\t\t\t\t<\/div>\n\t\t\t\t\t\t\t\t<\/div>\n\t\t\t\t\t\t\t\t\t\t\t<div class=\"swiper-slide\" role=\"group\" aria-roledescription=\"slide\">\n\t\t\t\t\t\t\t\t\t<div class=\"elementor-carousel-image\" role=\"img\" aria-label=\"20230525_142545\" style=\"background-image: url(&#039;https:\/\/agricolagymnasium.de\/wp-content\/uploads\/2023\/06\/20230525_142545-scaled.jpg&#039;)\">\n\n\t\t\t\n\t\t\t\t\t<\/div>\n\t\t\t\t\t\t\t\t<\/div>\n\t\t\t\t\t\t\t\t\t\t\t<div class=\"swiper-slide\" role=\"group\" aria-roledescription=\"slide\">\n\t\t\t\t\t\t\t\t\t<div class=\"elementor-carousel-image\" role=\"img\" aria-label=\"IMG-20230526-WA0016\" style=\"background-image: url(&#039;https:\/\/agricolagymnasium.de\/wp-content\/uploads\/2023\/06\/IMG-20230526-WA0016.jpg&#039;)\">\n\n\t\t\t\n\t\t\t\t\t<\/div>\n\t\t\t\t\t\t\t\t<\/div>\n\t\t\t\t\t\t\t\t\t<\/div>\n\t\t\t\t\t\t\t\t\t\t\t\t\t\t\t<div class=\"elementor-swiper-button elementor-swiper-button-prev\" role=\"button\" tabindex=\"0\" aria-label=\"Voriger\">\n\t\t\t\t\t\t\t<i aria-hidden=\"true\" class=\"eicon-chevron-left\"><\/i>\t\t\t\t\t\t<\/div>\n\t\t\t\t\t\t<div class=\"elementor-swiper-button elementor-swiper-button-next\" role=\"button\" tabindex=\"0\" aria-label=\"N\u00e4chster\">\n\t\t\t\t\t\t\t<i aria-hidden=\"true\" class=\"eicon-chevron-right\"><\/i>\t\t\t\t\t\t<\/div>\n\t\t\t\t\t\t\t\t\t\t\t\t\t\t\t\t<div class=\"swiper-pagination\"><\/div>\n\t\t\t\t\t\t\t\t\t\t\t\t<\/div>\n\t\t\t\t<\/div>\n\t\t\t\t\t\t\t\t<\/div>\n\t\t\t\t<\/div>\n\t\t\t\t<div class=\"elementor-element elementor-element-b8681f2 elementor-widget-divider--view-line elementor-widget elementor-widget-divider\" data-id=\"b8681f2\" data-element_type=\"widget\" data-e-type=\"widget\" data-widget_type=\"divider.default\">\n\t\t\t\t<div class=\"elementor-widget-container\">\n\t\t\t\t\t\t\t<div class=\"elementor-divider\">\n\t\t\t<span class=\"elementor-divider-separator\">\n\t\t\t\t\t\t<\/span>\n\t\t<\/div>\n\t\t\t\t\t\t<\/div>\n\t\t\t\t<\/div>\n\t\t\t\t<div class=\"elementor-element elementor-element-dcb64e9 elementor-widget elementor-widget-text-editor\" data-id=\"dcb64e9\" data-element_type=\"widget\" data-e-type=\"widget\" data-widget_type=\"text-editor.default\">\n\t\t\t\t<div class=\"elementor-widget-container\">\n\t\t\t\t\t\t\t\t\t<p>Vor einigen Jahren konnte am Agricolagymnasium durch die Mitwirkung von Christian Puschner und einiger Kooperationspartner mit der Anlage eines Schulgartens begonnen werden.<\/p>\n<p>In einer gemeinsamen Aktion mit engagierten Eltern konnten in diesem Jahr einige Pflegema\u00dfnahmen in unserem Schulgarten durchgef\u00fchrt werden. Dabei wurden auch unsere Kr\u00e4uterspirale sowie unsere Hoch- und H\u00fcgelbeete von den aufkommenden Wildkr\u00e4utern befreit und f\u00fcr die weitere Aussaat sowie Bepflanzung vorbereitet.<\/p>\n<p>Mit der Klassenstufe 7 wurde die Schulgartensaison durch eine Aussaat- und Pflanzaktion er\u00f6ffnet \u2013 zahlreiche Gem\u00fcsepflanzen und Sommerblumen sollen den Garten begr\u00fcnen und das Schulgel\u00e4nde aufwerten. Die \u00fcppige Ernte wird sehns\u00fcchtig erwartet.<\/p>\n<p>Begleitet durch einen kleinen Festakt wurden ein neuer Apfel- sowie ein Lindenbaum gepflanzt. Der Apfelbaum wurde als Erweiterung unserer kleinen Streuobstwiese durch die Sparkasse gespendet. Die symboltr\u00e4chtige Linde wurde durch unsere aktive Elternschaft bereitgestellt. Zudem wurde begonnen einen Barfu\u00dfpfad anzulegen.<\/p>\n<p><\/p><p>Bei dieser besonderen Aktion hielt unser Schulleiter Frank Hoffmann eine kleine Ansprache, Sch\u00fclerinnen und Sch\u00fcler beteiligten sich durch Gedichtbeitr\u00e4ge. Zudem brachte sich unsere Schulband ein.<\/p>\n<p>Die Schulleitung freut sich zusammen mit den verantwortlichen Lehrerinnen Maika Hartig und Martina Wiederhold \u00fcber die Weiterentwicklung des Schulgartens.<\/p>\t\t\t\t\t\t\t\t<\/div>\n\t\t\t\t<\/div>\n\t\t\t\t<div class=\"elementor-element elementor-element-ab0fb0c elementor-widget-divider--view-line elementor-widget elementor-widget-divider\" data-id=\"ab0fb0c\" data-element_type=\"widget\" data-e-type=\"widget\" data-widget_type=\"divider.default\">\n\t\t\t\t<div class=\"elementor-widget-container\">\n\t\t\t\t\t\t\t<div class=\"elementor-divider\">\n\t\t\t<span class=\"elementor-divider-separator\">\n\t\t\t\t\t\t<\/span>\n\t\t<\/div>\n\t\t\t\t\t\t<\/div>\n\t\t\t\t<\/div>\n\t\t\t\t<div class=\"elementor-element elementor-element-3900e07 elementor-widget elementor-widget-image\" data-id=\"3900e07\" data-element_type=\"widget\" data-e-type=\"widget\" data-widget_type=\"image.default\">\n\t\t\t\t<div class=\"elementor-widget-container\">\n\t\t\t\t\t\t\t\t\t\t\t\t\t\t\t<img fetchpriority=\"high\" decoding=\"async\" width=\"1600\" height=\"1600\" src=\"https:\/\/agricolagymnasium.de\/wp-content\/uploads\/2021\/07\/Lilli_Garten-Kopie.png\" class=\"attachment-full size-full wp-image-952\" alt=\"\" srcset=\"https:\/\/agricolagymnasium.de\/wp-content\/uploads\/2021\/07\/Lilli_Garten-Kopie.png 1600w, https:\/\/agricolagymnasium.de\/wp-content\/uploads\/2021\/07\/Lilli_Garten-Kopie-300x300.png 300w, https:\/\/agricolagymnasium.de\/wp-content\/uploads\/2021\/07\/Lilli_Garten-Kopie-1024x1024.png 1024w, https:\/\/agricolagymnasium.de\/wp-content\/uploads\/2021\/07\/Lilli_Garten-Kopie-150x150.png 150w, https:\/\/agricolagymnasium.de\/wp-content\/uploads\/2021\/07\/Lilli_Garten-Kopie-768x768.png 768w, https:\/\/agricolagymnasium.de\/wp-content\/uploads\/2021\/07\/Lilli_Garten-Kopie-1536x1536.png 1536w, https:\/\/agricolagymnasium.de\/wp-content\/uploads\/2021\/07\/Lilli_Garten-Kopie-1200x1200.png 1200w\" sizes=\"(max-width: 1600px) 100vw, 1600px\" \/>\t\t\t\t\t\t\t\t\t\t\t\t\t\t\t<\/div>\n\t\t\t\t<\/div>\n\t\t\t\t\t<\/div>\n\t\t<\/div>\n\t\t\t\t\t<\/div>\n\t\t<\/section>\n\t\t\t\t<\/div>\n\t\t","protected":false},"excerpt":{"rendered":"<p>Aktion \u201eGr\u00fcner Schulhof\u201c \u2013 das Agricolagymnasium Hohenm\u00f6lsen beteiligt sich am Tag des Schulgartens Voriger N\u00e4chster Vor einigen Jahren konnte am Agricolagymnasium durch die Mitwirkung von Christian Puschner und einiger Kooperationspartner mit der Anlage eines Schulgartens begonnen werden. In einer gemeinsamen Aktion mit engagierten Eltern konnten in diesem Jahr einige Pflegema\u00dfnahmen in unserem Schulgarten durchgef\u00fchrt werden. [&hellip;]<\/p>\n","protected":false},"author":17,"featured_media":0,"parent":627,"menu_order":0,"comment_status":"closed","ping_status":"closed","template":"","meta":{"footnotes":""},"class_list":["post-834","page","type-page","status-publish","hentry"],"_links":{"self":[{"href":"https:\/\/agricolagymnasium.de\/index.php?rest_route=\/wp\/v2\/pages\/834","targetHints":{"allow":["GET"]}}],"collection":[{"href":"https:\/\/agricolagymnasium.de\/index.php?rest_route=\/wp\/v2\/pages"}],"about":[{"href":"https:\/\/agricolagymnasium.de\/index.php?rest_route=\/wp\/v2\/types\/page"}],"author":[{"embeddable":true,"href":"https:\/\/agricolagymnasium.de\/index.php?rest_route=\/wp\/v2\/users\/17"}],"replies":[{"embeddable":true,"href":"https:\/\/agricolagymnasium.de\/index.php?rest_route=%2Fwp%2Fv2%2Fcomments&post=834"}],"version-history":[{"count":75,"href":"https:\/\/agricolagymnasium.de\/index.php?rest_route=\/wp\/v2\/pages\/834\/revisions"}],"predecessor-version":[{"id":7837,"href":"https:\/\/agricolagymnasium.de\/index.php?rest_route=\/wp\/v2\/pages\/834\/revisions\/7837"}],"up":[{"embeddable":true,"href":"https:\/\/agricolagymnasium.de\/index.php?rest_route=\/wp\/v2\/pages\/627"}],"wp:attachment":[{"href":"https:\/\/agricolagymnasium.de\/index.php?rest_route=%2Fwp%2Fv2%2Fmedia&parent=834"}],"curies":[{"name":"wp","href":"https:\/\/api.w.org\/{rel}","templated":true}]}}