{"id":844,"date":"2021-07-04T20:39:37","date_gmt":"2021-07-04T18:39:37","guid":{"rendered":"https:\/\/blk-agri.dd-dns.de\/?page_id=844"},"modified":"2024-09-13T08:53:13","modified_gmt":"2024-09-13T06:53:13","slug":"ikt-foerderung","status":"publish","type":"page","link":"https:\/\/agricolagymnasium.de\/?page_id=844","title":{"rendered":"IKT-F\u00f6rderung"},"content":{"rendered":"\t\t<div data-elementor-type=\"wp-page\" data-elementor-id=\"844\" class=\"elementor elementor-844\" data-elementor-settings=\"{&quot;ha_cmc_init_switcher&quot;:&quot;no&quot;}\" data-elementor-post-type=\"page\">\n\t\t\t\t\t\t<section class=\"elementor-section elementor-top-section elementor-element elementor-element-2fbebb1 elementor-section-stretched elementor-section-boxed elementor-section-height-default elementor-section-height-default\" data-id=\"2fbebb1\" data-element_type=\"section\" data-e-type=\"section\" data-settings=\"{&quot;stretch_section&quot;:&quot;section-stretched&quot;,&quot;background_background&quot;:&quot;classic&quot;,&quot;_ha_eqh_enable&quot;:false}\">\n\t\t\t\t\t\t\t<div class=\"elementor-background-overlay\"><\/div>\n\t\t\t\t\t\t\t<div class=\"elementor-container elementor-column-gap-default\">\n\t\t\t\t\t<div class=\"elementor-column elementor-col-100 elementor-top-column elementor-element elementor-element-19e7243\" data-id=\"19e7243\" data-element_type=\"column\" data-e-type=\"column\" data-settings=\"{&quot;background_background&quot;:&quot;gradient&quot;}\">\n\t\t\t<div class=\"elementor-widget-wrap elementor-element-populated\">\n\t\t\t\t\t<div class=\"elementor-background-overlay\"><\/div>\n\t\t\t\t\t\t<div class=\"elementor-element elementor-element-94bc58b elementor-widget elementor-widget-spacer\" data-id=\"94bc58b\" data-element_type=\"widget\" data-e-type=\"widget\" data-widget_type=\"spacer.default\">\n\t\t\t\t<div class=\"elementor-widget-container\">\n\t\t\t\t\t\t\t<div class=\"elementor-spacer\">\n\t\t\t<div class=\"elementor-spacer-inner\"><\/div>\n\t\t<\/div>\n\t\t\t\t\t\t<\/div>\n\t\t\t\t<\/div>\n\t\t\t\t<div class=\"elementor-element elementor-element-6f38f4d ha-has-bg-overlay elementor-widget elementor-widget-heading\" data-id=\"6f38f4d\" data-element_type=\"widget\" data-e-type=\"widget\" data-widget_type=\"heading.default\">\n\t\t\t\t<div class=\"elementor-widget-container\">\n\t\t\t\t\t<h2 class=\"elementor-heading-title elementor-size-default\">F\u00f6rderung des Zugangs zu Informations- und Kommunikations-<br>technologie (IKT)<\/h2>\t\t\t\t<\/div>\n\t\t\t\t<\/div>\n\t\t\t\t<div class=\"elementor-element elementor-element-f67af40 ha-has-bg-overlay elementor-widget elementor-widget-text-editor\" data-id=\"f67af40\" data-element_type=\"widget\" data-e-type=\"widget\" data-widget_type=\"text-editor.default\">\n\t\t\t\t<div class=\"elementor-widget-container\">\n\t\t\t\t\t\t\t\t\t<p>Der Schultr\u00e4ger Burgenlandkreis hat am 19.07.2023 den positiven Zuwendungsbescheid aus den Richtlinien zur F\u00f6rderung des Zugangs zu Informations- und Kommunikationstechnologien an Schulen (IKT-RL) \u2013 Teilma\u00dfnahme <strong>ELER<\/strong> \u201eIKT zur Nutzung elektronischer Medien an den allgemeinbildenden und berufsbildenden Schulen\u201c) f\u00fcr das Agricolagymnasium Hohenm\u00f6lsen erhalten.<\/p>\n<p><\/p>\n<p><strong>Vorhaben: <\/strong><\/p>\n<p>Mit der Umsetzung des F\u00f6rderprogramms sollen Vorhaben zur Schaffung, Erweiterung und Modernisierung der informations- und kommunikationstechnischen Grundstrukturen f\u00fcr die Anwendung elektronischer Medien in allgemeinbildenden und berufsbildenden Schulen kommunaler und freier Tr\u00e4ger von anerkannten Ersatzschulen im Land Sachsen-Anhalt gef\u00f6rdert werden. &nbsp;<\/p>\n<p>Dies beinhaltet hier die Ausstattung mit einheitlichen, standardisierten Vernetzungs- und Infrastrukturkomponenten sowie Multimedia-Pr\u00e4sentationsger\u00e4ten einschlie\u00dflich Installation. Die Ausstattung mit Hard- und Softwarel\u00f6sungen dient der elektronischen Herstellung, Be- und Verarbeitung und zur Distribution digitaler Medien, Dokumente und Informationen \u00fcber lokale Netzwerke mit Internetanbindung innerhalb des Bewilligungszeitraumes.<\/p>\n<p><\/p>\n<p><strong>Zeitraum: <\/strong><strong>19.07.2023 \u2013 31.12.2024 <\/strong><\/p>\n<p><\/p>\n<p><strong>Die bewilligte Zuwendung im Detail:<\/strong><\/p>\n<table>\n<tbody>\n<tr>\n<td width=\"340\">\n<p><strong>Einrichtung <\/strong><\/p>\n<\/td>\n<td width=\"321\">\n<p><strong>gew\u00e4hrte F\u00f6rderung<\/strong><\/p>\n<\/td>\n<\/tr>\n<tr>\n<td width=\"340\">\n<p>Agricolagymnasium Hohenm\u00f6lsen<\/p>\n<\/td>\n<td width=\"321\">\n<p>30.667,94 \u20ac<\/p>\n<\/td>\n<\/tr>\n<\/tbody>\n<\/table>\n<p><strong>&nbsp;<\/strong><strong style=\"color: var( --e-global-color-primary ); font-family: var( --e-global-typography-text-font-family ), linear-antiqua; font-size: 1rem;\">Weiterf\u00fchrende Information erhalten Sie auf folgenden Internetauftritten:<\/strong><\/p>\n<p><a href=\"http:\/\/ec.europa.eu\/agriculture\/rural-development-2014-2020.index.de.htm\">http:\/\/ec.europa.eu\/agriculture\/rural-development-2014-2020.index.de.htm<\/a><\/p>\n<p><a href=\"http:\/\/enrd.ec.europa.eu\/de\/policy-in-action\/cap-towards-2020\/rpd-programming-2014-2020\">http:\/\/enrd.ec.europa.eu\/de\/policy-in-action\/cap-towards-2020\/rpd-programming-2014-2020<\/a><\/p>\n<p><a href=\"https:\/\/europa.sachsen-anhalt.de\">https:\/\/europa.sachsen-anhalt.de<\/a><\/p>\n<p><br><\/p>\t\t\t\t\t\t\t\t<\/div>\n\t\t\t\t<\/div>\n\t\t\t\t<div class=\"elementor-element elementor-element-2616dae elementor-widget elementor-widget-image\" data-id=\"2616dae\" data-element_type=\"widget\" data-e-type=\"widget\" data-widget_type=\"image.default\">\n\t\t\t\t<div class=\"elementor-widget-container\">\n\t\t\t\t\t\t\t\t\t\t\t\t\t\t\t<img fetchpriority=\"high\" decoding=\"async\" width=\"661\" height=\"97\" src=\"https:\/\/agricolagymnasium.de\/wp-content\/uploads\/2024\/09\/ELER.jpg\" class=\"attachment-large size-large wp-image-8556\" alt=\"\" srcset=\"https:\/\/agricolagymnasium.de\/wp-content\/uploads\/2024\/09\/ELER.jpg 661w, https:\/\/agricolagymnasium.de\/wp-content\/uploads\/2024\/09\/ELER-300x44.jpg 300w\" sizes=\"(max-width: 661px) 100vw, 661px\" \/>\t\t\t\t\t\t\t\t\t\t\t\t\t\t\t<\/div>\n\t\t\t\t<\/div>\n\t\t\t\t<div class=\"elementor-element elementor-element-1855df7 elementor-widget elementor-widget-text-editor\" data-id=\"1855df7\" data-element_type=\"widget\" data-e-type=\"widget\" data-widget_type=\"text-editor.default\">\n\t\t\t\t<div class=\"elementor-widget-container\">\n\t\t\t\t\t\t\t\t\t<p style=\"color: #ff9600;\">Im Burgenlandkreis wird auf Grundlage der &#8222;Richtlinie \u00fcber die Gew\u00e4hrung von Zuwendungen zur F\u00f6rderung des Zugangs zu Informations- und Kommunikationstechnologie (IKT) und ihres Einsatzes an den allgemeinbildenden und berufsbildenden Schulen in Sachsen-Anhalt (IKT-RL)&#8220; die Ausr\u00fcstung der Schulen mit zukunftstauglichen IT-Anlagen gef\u00f6rdert.\u00a0<\/p><p style=\"color: #ff9600;\">Mit den Zuwendungen wird das Zeil verfolgt, die technischen Voraussetzungen f\u00fcr das Erreichen der informationstechnologischen Bildungsziele des Landes zu verbessern. Zielstellung der IKT-Ausstattungsf\u00f6rderung ist zum einen die Standardisierung der Grundinfrastruktur im Schulbereich, um den administrativen Aufwand zu optimieren- Zum anderen soll mit zeitgem\u00e4\u00dfer IKT an den Schulen und entsprechenden Anwendungen den Lehrern sowie Sch\u00fclern ein besserer Zugang zu Innovationen erm\u00f6glicht und die Voraussetzungen f\u00fcr ein besseres Zusammenwirken mit \u00f6ffentlichen und privaten Institutionen geschaffen werden. Der Umgang mit digitalen Medien soll geschult werden, um die Medienkompetenz der Sch\u00fcler zu steigern.\u00a0<\/p><p style=\"color: #ff9600;\">Die F\u00f6rdersumme f\u00fcr das Agricolagymnasium betr\u00e4gt 199.938,00\u20ac.<\/p>\t\t\t\t\t\t\t\t<\/div>\n\t\t\t\t<\/div>\n\t\t\t\t\t<\/div>\n\t\t<\/div>\n\t\t\t\t\t<\/div>\n\t\t<\/section>\n\t\t\t\t<\/div>\n\t\t","protected":false},"excerpt":{"rendered":"<p>F\u00f6rderung des Zugangs zu Informations- und Kommunikations-technologie (IKT) Der Schultr\u00e4ger Burgenlandkreis hat am 19.07.2023 den positiven Zuwendungsbescheid aus den Richtlinien zur F\u00f6rderung des Zugangs zu Informations- und Kommunikationstechnologien an Schulen (IKT-RL) \u2013 Teilma\u00dfnahme ELER \u201eIKT zur Nutzung elektronischer Medien an den allgemeinbildenden und berufsbildenden Schulen\u201c) f\u00fcr das Agricolagymnasium Hohenm\u00f6lsen erhalten. Vorhaben: Mit der Umsetzung des [&hellip;]<\/p>\n","protected":false},"author":17,"featured_media":0,"parent":0,"menu_order":0,"comment_status":"closed","ping_status":"closed","template":"","meta":{"_price":"","_stock":"","_tribe_ticket_header":"","_tribe_default_ticket_provider":"","_tribe_ticket_capacity":"0","_ticket_start_date":"","_ticket_end_date":"","_tribe_ticket_show_description":"","_tribe_ticket_show_not_going":false,"_tribe_ticket_use_global_stock":"","_tribe_ticket_global_stock_level":"","_global_stock_mode":"","_global_stock_cap":"","_tribe_rsvp_for_event":"","_tribe_ticket_going_count":"","_tribe_ticket_not_going_count":"","_tribe_tickets_list":"[]","_tribe_ticket_has_attendee_info_fields":false,"footnotes":"","_tec_slr_enabled":"","_tec_slr_layout":""},"class_list":["post-844","page","type-page","status-publish","hentry"],"ticketed":false,"_links":{"self":[{"href":"https:\/\/agricolagymnasium.de\/index.php?rest_route=\/wp\/v2\/pages\/844","targetHints":{"allow":["GET"]}}],"collection":[{"href":"https:\/\/agricolagymnasium.de\/index.php?rest_route=\/wp\/v2\/pages"}],"about":[{"href":"https:\/\/agricolagymnasium.de\/index.php?rest_route=\/wp\/v2\/types\/page"}],"author":[{"embeddable":true,"href":"https:\/\/agricolagymnasium.de\/index.php?rest_route=\/wp\/v2\/users\/17"}],"replies":[{"embeddable":true,"href":"https:\/\/agricolagymnasium.de\/index.php?rest_route=%2Fwp%2Fv2%2Fcomments&post=844"}],"version-history":[{"count":49,"href":"https:\/\/agricolagymnasium.de\/index.php?rest_route=\/wp\/v2\/pages\/844\/revisions"}],"predecessor-version":[{"id":8565,"href":"https:\/\/agricolagymnasium.de\/index.php?rest_route=\/wp\/v2\/pages\/844\/revisions\/8565"}],"wp:attachment":[{"href":"https:\/\/agricolagymnasium.de\/index.php?rest_route=%2Fwp%2Fv2%2Fmedia&parent=844"}],"curies":[{"name":"wp","href":"https:\/\/api.w.org\/{rel}","templated":true}]}}