{"id":8497,"date":"2024-07-29T13:03:42","date_gmt":"2024-07-29T11:03:42","guid":{"rendered":"https:\/\/agricolagymnasium.de\/?page_id=8497"},"modified":"2024-09-03T09:46:56","modified_gmt":"2024-09-03T07:46:56","slug":"digitalpakt","status":"publish","type":"page","link":"https:\/\/agricolagymnasium.de\/?page_id=8497","title":{"rendered":"Digitalpakt"},"content":{"rendered":"\n<p>Der Schultr\u00e4ger Burgenlandkreis hat am 02.12.2021 den positiven Zuwendungsbescheid aus dem DigitalPakt Schule des Landes Sachsen-Anhalt (gef\u00f6rdert aus Bundesmitteln) f\u00fcr das Agricolagymnasium Hohenm\u00f6lsen erhalten.<\/p>\n\n\n\n<p>Mit der Umsetzung des F\u00f6rderprogramms wird das Ziel verfolgt, die Leistungsf\u00e4higkeit der digitalen Bildungsinfrastruktur zu steigern, die Schulen zu vernetzen und die Ausstattung der Schulen mit IT-Systemen zu verbessern.<\/p>\n\n\n\n<p><strong>Gef\u00f6rdert<\/strong> werden Investitionen als Aufwendungen f\u00fcr Planung, Beschaffung, Aufbau und Inbetriebnahme f\u00fcr:<\/p>\n\n\n\n<p>a) Aufbau oder Verbesserung der digitalen Vernetzung\/Verkabelung und flankierende Verkabelungsma\u00dfnahmen in Schulgeb\u00e4uden und auf Schulgel\u00e4nden<\/p>\n\n\n\n<p>b) schulisches WLAN<\/p>\n\n\n\n<p>c) Aufbau und Weiterentwicklung digitaler Lehr-Lern-Infrastrukturen (zum Beispiel Lernplattformen, p\u00e4dagogische Kommunikations- und Arbeitsplattformen, Portale, Cloudangebote)<\/p>\n\n\n\n<p>d) Anzeige- und Interaktionsger\u00e4te (zum Beispiel interaktive Tafeln, Displays nebst zugeh\u00f6riger Steuerungsger\u00e4te) zum Betrieb in der Schule<\/p>\n\n\n\n<p>e) digitale Arbeitsger\u00e4te, insbesondere f\u00fcr die technisch-naturwissenschaftliche Bildung oder die berufsbezogene Ausbildung<\/p>\n\n\n\n<p>f) schulgebundene Laptops, Notebooks und Tablets als mobile Endger\u00e4te, wenn die Schule \u00fcber die Infrastruktur entsprechend den Buchstaben a) und b) verf\u00fcgt oder diese durch den Schultr\u00e4ger beantragt ist.<\/p>\n\n\n\n<p><strong>Die bewilligte Zuwendung im Detail:<\/strong><\/p>\n\n\n\n<figure class=\"wp-block-table\"><table class=\"has-fixed-layout\"><tbody><tr><td><strong>Einrichtung<\/strong><\/td><td><strong>zuwendungsf\u00e4hige Gesamtausgaben<\/strong><\/td><td><strong>gew\u00e4hrte F\u00f6rderung<\/strong><\/td><td><strong>Eigenmittelanteil des Burgenlandkreises<\/strong><\/td><\/tr><tr><td>Agricolagymnasium Hohenm\u00f6lsen<\/td><td>223.250,00 \u20ac<\/td><td>200.925,00 \u20ac<\/td><td>22.325,00 \u20ac<\/td><\/tr><\/tbody><\/table><\/figure>\n\n\n\n<figure class=\"wp-block-image size-full\"><img fetchpriority=\"high\" decoding=\"async\" width=\"469\" height=\"234\" src=\"https:\/\/agricolagymnasium.de\/wp-content\/uploads\/2024\/09\/Digipakt.jpg\" alt=\"\" class=\"wp-image-8533\" srcset=\"https:\/\/agricolagymnasium.de\/wp-content\/uploads\/2024\/09\/Digipakt.jpg 469w, https:\/\/agricolagymnasium.de\/wp-content\/uploads\/2024\/09\/Digipakt-300x150.jpg 300w\" sizes=\"(max-width: 469px) 100vw, 469px\" \/><\/figure>\n\n\n\n<figure class=\"wp-block-image size-large\"><img decoding=\"async\" width=\"1844\" height=\"4000\" src=\"https:\/\/agricolagymnasium.de\/wp-content\/uploads\/2024\/07\/image-1-edited-1.png\" alt=\"\" class=\"wp-image-8501\" srcset=\"https:\/\/agricolagymnasium.de\/wp-content\/uploads\/2024\/07\/image-1-edited-1.png 1844w, https:\/\/agricolagymnasium.de\/wp-content\/uploads\/2024\/07\/image-1-edited-1-138x300.png 138w, https:\/\/agricolagymnasium.de\/wp-content\/uploads\/2024\/07\/image-1-edited-1-472x1024.png 472w, https:\/\/agricolagymnasium.de\/wp-content\/uploads\/2024\/07\/image-1-edited-1-768x1666.png 768w, https:\/\/agricolagymnasium.de\/wp-content\/uploads\/2024\/07\/image-1-edited-1-708x1536.png 708w, https:\/\/agricolagymnasium.de\/wp-content\/uploads\/2024\/07\/image-1-edited-1-944x2048.png 944w\" sizes=\"(max-width: 1844px) 100vw, 1844px\" \/><\/figure>\n\n\n\n<figure class=\"wp-block-image size-large\"><img decoding=\"async\" width=\"1844\" height=\"4000\" src=\"https:\/\/agricolagymnasium.de\/wp-content\/uploads\/2024\/07\/image-2-edited-1.png\" alt=\"\" class=\"wp-image-8505\" srcset=\"https:\/\/agricolagymnasium.de\/wp-content\/uploads\/2024\/07\/image-2-edited-1.png 1844w, https:\/\/agricolagymnasium.de\/wp-content\/uploads\/2024\/07\/image-2-edited-1-138x300.png 138w, https:\/\/agricolagymnasium.de\/wp-content\/uploads\/2024\/07\/image-2-edited-1-472x1024.png 472w, https:\/\/agricolagymnasium.de\/wp-content\/uploads\/2024\/07\/image-2-edited-1-768x1666.png 768w, https:\/\/agricolagymnasium.de\/wp-content\/uploads\/2024\/07\/image-2-edited-1-708x1536.png 708w, https:\/\/agricolagymnasium.de\/wp-content\/uploads\/2024\/07\/image-2-edited-1-944x2048.png 944w\" sizes=\"(max-width: 1844px) 100vw, 1844px\" \/><\/figure>\n\n\n\n<figure class=\"wp-block-image size-large\"><img loading=\"lazy\" decoding=\"async\" width=\"1844\" height=\"4000\" src=\"https:\/\/agricolagymnasium.de\/wp-content\/uploads\/2024\/07\/image-3-edited.png\" alt=\"\" class=\"wp-image-8506\" srcset=\"https:\/\/agricolagymnasium.de\/wp-content\/uploads\/2024\/07\/image-3-edited.png 1844w, https:\/\/agricolagymnasium.de\/wp-content\/uploads\/2024\/07\/image-3-edited-138x300.png 138w, https:\/\/agricolagymnasium.de\/wp-content\/uploads\/2024\/07\/image-3-edited-472x1024.png 472w, https:\/\/agricolagymnasium.de\/wp-content\/uploads\/2024\/07\/image-3-edited-768x1666.png 768w, https:\/\/agricolagymnasium.de\/wp-content\/uploads\/2024\/07\/image-3-edited-708x1536.png 708w, https:\/\/agricolagymnasium.de\/wp-content\/uploads\/2024\/07\/image-3-edited-944x2048.png 944w\" sizes=\"(max-width: 1844px) 100vw, 1844px\" \/><\/figure>\n","protected":false},"excerpt":{"rendered":"<p>Der Schultr\u00e4ger Burgenlandkreis hat am 02.12.2021 den positiven Zuwendungsbescheid aus dem DigitalPakt Schule des Landes Sachsen-Anhalt (gef\u00f6rdert aus Bundesmitteln) f\u00fcr das Agricolagymnasium Hohenm\u00f6lsen erhalten. Mit der Umsetzung des F\u00f6rderprogramms wird das Ziel verfolgt, die Leistungsf\u00e4higkeit der digitalen Bildungsinfrastruktur zu steigern, die Schulen zu vernetzen und die Ausstattung der Schulen mit IT-Systemen zu verbessern. Gef\u00f6rdert werden [&hellip;]<\/p>\n","protected":false},"author":30,"featured_media":0,"parent":0,"menu_order":0,"comment_status":"closed","ping_status":"closed","template":"","meta":{"footnotes":""},"class_list":["post-8497","page","type-page","status-publish","hentry"],"_links":{"self":[{"href":"https:\/\/agricolagymnasium.de\/index.php?rest_route=\/wp\/v2\/pages\/8497","targetHints":{"allow":["GET"]}}],"collection":[{"href":"https:\/\/agricolagymnasium.de\/index.php?rest_route=\/wp\/v2\/pages"}],"about":[{"href":"https:\/\/agricolagymnasium.de\/index.php?rest_route=\/wp\/v2\/types\/page"}],"author":[{"embeddable":true,"href":"https:\/\/agricolagymnasium.de\/index.php?rest_route=\/wp\/v2\/users\/30"}],"replies":[{"embeddable":true,"href":"https:\/\/agricolagymnasium.de\/index.php?rest_route=%2Fwp%2Fv2%2Fcomments&post=8497"}],"version-history":[{"count":2,"href":"https:\/\/agricolagymnasium.de\/index.php?rest_route=\/wp\/v2\/pages\/8497\/revisions"}],"predecessor-version":[{"id":8534,"href":"https:\/\/agricolagymnasium.de\/index.php?rest_route=\/wp\/v2\/pages\/8497\/revisions\/8534"}],"wp:attachment":[{"href":"https:\/\/agricolagymnasium.de\/index.php?rest_route=%2Fwp%2Fv2%2Fmedia&parent=8497"}],"curies":[{"name":"wp","href":"https:\/\/api.w.org\/{rel}","templated":true}]}}